{"id":545,"date":"2021-04-26T02:55:18","date_gmt":"2021-04-26T02:55:18","guid":{"rendered":"https:\/\/astracomex.com.co\/?page_id=545"},"modified":"2021-05-02T23:53:03","modified_gmt":"2021-05-02T23:53:03","slug":"servicios","status":"publish","type":"page","link":"https:\/\/astracomex.com.co\/?page_id=545","title":{"rendered":"Servicios"},"content":{"rendered":"\t\t<div data-elementor-type=\"wp-page\" data-elementor-id=\"545\" class=\"elementor elementor-545\">\n\t\t\t\t\t\t<section class=\"elementor-section elementor-top-section elementor-element elementor-element-5e4046ae elementor-section-content-middle elementor-section-height-min-height elementor-section-boxed elementor-section-height-default elementor-section-items-middle\" data-id=\"5e4046ae\" data-element_type=\"section\" data-e-type=\"section\" data-settings=\"{&quot;background_background&quot;:&quot;classic&quot;,&quot;animation&quot;:&quot;none&quot;}\">\n\t\t\t\t\t\t\t<div class=\"elementor-background-overlay\"><\/div>\n\t\t\t\t\t\t\t<div class=\"elementor-container elementor-column-gap-no\">\n\t\t\t\t\t<div class=\"elementor-column elementor-col-100 elementor-top-column elementor-element elementor-element-76ad6598\" data-id=\"76ad6598\" data-element_type=\"column\" data-e-type=\"column\">\n\t\t\t<div class=\"elementor-widget-wrap elementor-element-populated\">\n\t\t\t\t\t\t<div class=\"elementor-element elementor-element-34f821f9 elementor-widget elementor-widget-heading\" data-id=\"34f821f9\" data-element_type=\"widget\" data-e-type=\"widget\" data-widget_type=\"heading.default\">\n\t\t\t\t<div class=\"elementor-widget-container\">\n\t\t\t\t\t<h4 class=\"elementor-heading-title elementor-size-default\">Nuestros Servicios<\/h4>\t\t\t\t<\/div>\n\t\t\t\t<\/div>\n\t\t\t\t\t<\/div>\n\t\t<\/div>\n\t\t\t\t\t<\/div>\n\t\t<\/section>\n\t\t\t\t<section class=\"elementor-section elementor-top-section elementor-element elementor-element-25351dae elementor-section-content-middle elementor-section-boxed elementor-section-height-default elementor-section-height-default\" data-id=\"25351dae\" data-element_type=\"section\" data-e-type=\"section\" data-settings=\"{&quot;background_background&quot;:&quot;classic&quot;}\">\n\t\t\t\t\t\t<div class=\"elementor-container elementor-column-gap-no\">\n\t\t\t\t\t<div class=\"elementor-column elementor-col-50 elementor-top-column elementor-element elementor-element-2195b97f\" data-id=\"2195b97f\" data-element_type=\"column\" data-e-type=\"column\">\n\t\t\t<div class=\"elementor-widget-wrap elementor-element-populated\">\n\t\t\t\t\t\t<div class=\"elementor-element elementor-element-1ba05f82 elementor-widget elementor-widget-image\" data-id=\"1ba05f82\" data-element_type=\"widget\" data-e-type=\"widget\" data-widget_type=\"image.default\">\n\t\t\t\t<div class=\"elementor-widget-container\">\n\t\t\t\t\t\t\t\t\t\t\t\t\t\t\t<img fetchpriority=\"high\" decoding=\"async\" width=\"640\" height=\"426\" src=\"https:\/\/astracomex.com.co\/wp-content\/uploads\/2020\/12\/documentos-1.jpg\" class=\"attachment-full size-full wp-image-208\" alt=\"\" srcset=\"https:\/\/astracomex.com.co\/wp-content\/uploads\/2020\/12\/documentos-1.jpg 640w, https:\/\/astracomex.com.co\/wp-content\/uploads\/2020\/12\/documentos-1-300x200.jpg 300w\" sizes=\"(max-width: 640px) 100vw, 640px\" \/>\t\t\t\t\t\t\t\t\t\t\t\t\t\t\t<\/div>\n\t\t\t\t<\/div>\n\t\t\t\t\t<\/div>\n\t\t<\/div>\n\t\t\t\t<div class=\"elementor-column elementor-col-50 elementor-top-column elementor-element elementor-element-26565ec3\" data-id=\"26565ec3\" data-element_type=\"column\" data-e-type=\"column\">\n\t\t\t<div class=\"elementor-widget-wrap elementor-element-populated\">\n\t\t\t\t\t\t<div class=\"elementor-element elementor-element-55804a40 elementor-widget elementor-widget-heading\" data-id=\"55804a40\" data-element_type=\"widget\" data-e-type=\"widget\" data-widget_type=\"heading.default\">\n\t\t\t\t<div class=\"elementor-widget-container\">\n\t\t\t\t\t<h4 class=\"elementor-heading-title elementor-size-default\">Asesor\u00edas<\/h4>\t\t\t\t<\/div>\n\t\t\t\t<\/div>\n\t\t\t\t<div class=\"elementor-element elementor-element-3d4ceb80 elementor-widget elementor-widget-text-editor\" data-id=\"3d4ceb80\" data-element_type=\"widget\" data-e-type=\"widget\" data-widget_type=\"text-editor.default\">\n\t\t\t\t<div class=\"elementor-widget-container\">\n\t\t\t\t\t\t\t\t\t<p>Brindamos una asesor\u00eda integral enfoc\u00e1ndonos en el sector industrial al cual pertenece su empresa para obtener posibles beneficios, nuestro compromiso es buscar la eficiencia y reducci\u00f3n de costos onerosos causados por el desconocimiento de la norma.<\/p>\t\t\t\t\t\t\t\t<\/div>\n\t\t\t\t<\/div>\n\t\t\t\t\t<\/div>\n\t\t<\/div>\n\t\t\t\t\t<\/div>\n\t\t<\/section>\n\t\t\t\t<section class=\"elementor-section elementor-top-section elementor-element elementor-element-4936bfe5 elementor-section-content-middle elementor-reverse-mobile elementor-section-boxed elementor-section-height-default elementor-section-height-default\" data-id=\"4936bfe5\" data-element_type=\"section\" data-e-type=\"section\" data-settings=\"{&quot;background_background&quot;:&quot;classic&quot;}\">\n\t\t\t\t\t\t<div class=\"elementor-container elementor-column-gap-no\">\n\t\t\t\t\t<div class=\"elementor-column elementor-col-50 elementor-top-column elementor-element elementor-element-3329c968\" data-id=\"3329c968\" data-element_type=\"column\" data-e-type=\"column\">\n\t\t\t<div class=\"elementor-widget-wrap elementor-element-populated\">\n\t\t\t\t\t\t<div class=\"elementor-element elementor-element-723055b8 elementor-widget elementor-widget-heading\" data-id=\"723055b8\" data-element_type=\"widget\" data-e-type=\"widget\" data-widget_type=\"heading.default\">\n\t\t\t\t<div class=\"elementor-widget-container\">\n\t\t\t\t\t<h4 class=\"elementor-heading-title elementor-size-default\">Clasificaci\u00f3n Arancelaria<\/h4>\t\t\t\t<\/div>\n\t\t\t\t<\/div>\n\t\t\t\t<div class=\"elementor-element elementor-element-39f1a891 elementor-widget elementor-widget-text-editor\" data-id=\"39f1a891\" data-element_type=\"widget\" data-e-type=\"widget\" data-widget_type=\"text-editor.default\">\n\t\t\t\t<div class=\"elementor-widget-container\">\n\t\t\t\t\t\t\t\t\t<p>Contamos con personal especializado en la clasificaci\u00f3n arancelaria de todo tipo de mercanc\u00edas con el fin de establecer las restricciones y requisitos que deben cumplir para su importaci\u00f3n en Colombia y determinar los impuestos que se deben pagar.<\/p>\t\t\t\t\t\t\t\t<\/div>\n\t\t\t\t<\/div>\n\t\t\t\t\t<\/div>\n\t\t<\/div>\n\t\t\t\t<div class=\"elementor-column elementor-col-50 elementor-top-column elementor-element elementor-element-2af26352\" data-id=\"2af26352\" data-element_type=\"column\" data-e-type=\"column\">\n\t\t\t<div class=\"elementor-widget-wrap elementor-element-populated\">\n\t\t\t\t\t\t<div class=\"elementor-element elementor-element-9ac5c49 elementor-widget elementor-widget-image\" data-id=\"9ac5c49\" data-element_type=\"widget\" data-e-type=\"widget\" data-widget_type=\"image.default\">\n\t\t\t\t<div class=\"elementor-widget-container\">\n\t\t\t\t\t\t\t\t\t\t\t\t\t\t\t<img decoding=\"async\" width=\"2560\" height=\"1709\" src=\"https:\/\/astracomex.com.co\/wp-content\/uploads\/2021\/04\/noodle-kimm-ytMmedc6y44-unsplash-scaled.jpg\" class=\"attachment-full size-full wp-image-479\" alt=\"\" srcset=\"https:\/\/astracomex.com.co\/wp-content\/uploads\/2021\/04\/noodle-kimm-ytMmedc6y44-unsplash-scaled.jpg 2560w, https:\/\/astracomex.com.co\/wp-content\/uploads\/2021\/04\/noodle-kimm-ytMmedc6y44-unsplash-300x200.jpg 300w, https:\/\/astracomex.com.co\/wp-content\/uploads\/2021\/04\/noodle-kimm-ytMmedc6y44-unsplash-1024x684.jpg 1024w, https:\/\/astracomex.com.co\/wp-content\/uploads\/2021\/04\/noodle-kimm-ytMmedc6y44-unsplash-768x513.jpg 768w, https:\/\/astracomex.com.co\/wp-content\/uploads\/2021\/04\/noodle-kimm-ytMmedc6y44-unsplash-1536x1025.jpg 1536w, https:\/\/astracomex.com.co\/wp-content\/uploads\/2021\/04\/noodle-kimm-ytMmedc6y44-unsplash-2048x1367.jpg 2048w\" sizes=\"(max-width: 2560px) 100vw, 2560px\" \/>\t\t\t\t\t\t\t\t\t\t\t\t\t\t\t<\/div>\n\t\t\t\t<\/div>\n\t\t\t\t\t<\/div>\n\t\t<\/div>\n\t\t\t\t\t<\/div>\n\t\t<\/section>\n\t\t\t\t<section class=\"elementor-section elementor-top-section elementor-element elementor-element-16b8fe85 elementor-section-content-middle elementor-section-boxed elementor-section-height-default elementor-section-height-default\" data-id=\"16b8fe85\" data-element_type=\"section\" data-e-type=\"section\" data-settings=\"{&quot;background_background&quot;:&quot;classic&quot;}\">\n\t\t\t\t\t\t<div class=\"elementor-container elementor-column-gap-no\">\n\t\t\t\t\t<div class=\"elementor-column elementor-col-50 elementor-top-column elementor-element elementor-element-7ac5a1f\" data-id=\"7ac5a1f\" data-element_type=\"column\" data-e-type=\"column\">\n\t\t\t<div class=\"elementor-widget-wrap elementor-element-populated\">\n\t\t\t\t\t\t<div class=\"elementor-element elementor-element-613d4b6d elementor-widget elementor-widget-image\" data-id=\"613d4b6d\" data-element_type=\"widget\" data-e-type=\"widget\" data-widget_type=\"image.default\">\n\t\t\t\t<div class=\"elementor-widget-container\">\n\t\t\t\t\t\t\t\t\t\t\t\t\t\t\t<img decoding=\"async\" width=\"1920\" height=\"1281\" src=\"https:\/\/astracomex.com.co\/wp-content\/uploads\/2020\/12\/Clasificaciones-1.jpg\" class=\"attachment-full size-full wp-image-30\" alt=\"\" srcset=\"https:\/\/astracomex.com.co\/wp-content\/uploads\/2020\/12\/Clasificaciones-1.jpg 1920w, https:\/\/astracomex.com.co\/wp-content\/uploads\/2020\/12\/Clasificaciones-1-300x200.jpg 300w, https:\/\/astracomex.com.co\/wp-content\/uploads\/2020\/12\/Clasificaciones-1-1024x683.jpg 1024w, https:\/\/astracomex.com.co\/wp-content\/uploads\/2020\/12\/Clasificaciones-1-768x512.jpg 768w, https:\/\/astracomex.com.co\/wp-content\/uploads\/2020\/12\/Clasificaciones-1-1536x1025.jpg 1536w, https:\/\/astracomex.com.co\/wp-content\/uploads\/2020\/12\/Clasificaciones-1-1568x1046.jpg 1568w\" sizes=\"(max-width: 1920px) 100vw, 1920px\" \/>\t\t\t\t\t\t\t\t\t\t\t\t\t\t\t<\/div>\n\t\t\t\t<\/div>\n\t\t\t\t\t<\/div>\n\t\t<\/div>\n\t\t\t\t<div class=\"elementor-column elementor-col-50 elementor-top-column elementor-element elementor-element-29aef2b9\" data-id=\"29aef2b9\" data-element_type=\"column\" data-e-type=\"column\">\n\t\t\t<div class=\"elementor-widget-wrap elementor-element-populated\">\n\t\t\t\t\t\t<div class=\"elementor-element elementor-element-79a9e467 elementor-widget elementor-widget-heading\" data-id=\"79a9e467\" data-element_type=\"widget\" data-e-type=\"widget\" data-widget_type=\"heading.default\">\n\t\t\t\t<div class=\"elementor-widget-container\">\n\t\t\t\t\t<h4 class=\"elementor-heading-title elementor-size-default\">Permisos y documentos previos<\/h4>\t\t\t\t<\/div>\n\t\t\t\t<\/div>\n\t\t\t\t<div class=\"elementor-element elementor-element-39cf967a elementor-widget elementor-widget-text-editor\" data-id=\"39cf967a\" data-element_type=\"widget\" data-e-type=\"widget\" data-widget_type=\"text-editor.default\">\n\t\t\t\t<div class=\"elementor-widget-container\">\n\t\t\t\t\t\t\t\t\t<p>Le asesoramos en la obtenci\u00f3n de los permisos previos requeridos para la importaci\u00f3n de determinados productos, como son: zoosanitarios, fitosanitarios, conceptos de insumos ante ICA, permisos ante Indumil y certificados de conformidad, entre otros.<\/p>\t\t\t\t\t\t\t\t<\/div>\n\t\t\t\t<\/div>\n\t\t\t\t\t<\/div>\n\t\t<\/div>\n\t\t\t\t\t<\/div>\n\t\t<\/section>\n\t\t\t\t<section class=\"elementor-section elementor-top-section elementor-element elementor-element-5c7b624c elementor-section-content-middle elementor-reverse-mobile elementor-section-boxed elementor-section-height-default elementor-section-height-default\" data-id=\"5c7b624c\" data-element_type=\"section\" data-e-type=\"section\" data-settings=\"{&quot;background_background&quot;:&quot;classic&quot;}\">\n\t\t\t\t\t\t<div class=\"elementor-container elementor-column-gap-no\">\n\t\t\t\t\t<div class=\"elementor-column elementor-col-50 elementor-top-column elementor-element elementor-element-2cea3477\" data-id=\"2cea3477\" data-element_type=\"column\" data-e-type=\"column\">\n\t\t\t<div class=\"elementor-widget-wrap elementor-element-populated\">\n\t\t\t\t\t\t<div class=\"elementor-element elementor-element-12128002 elementor-widget elementor-widget-heading\" data-id=\"12128002\" data-element_type=\"widget\" data-e-type=\"widget\" data-widget_type=\"heading.default\">\n\t\t\t\t<div class=\"elementor-widget-container\">\n\t\t\t\t\t<h4 class=\"elementor-heading-title elementor-size-default\">Registros y licencias de importaci\u00f3n<\/h4>\t\t\t\t<\/div>\n\t\t\t\t<\/div>\n\t\t\t\t<div class=\"elementor-element elementor-element-37915692 elementor-widget elementor-widget-text-editor\" data-id=\"37915692\" data-element_type=\"widget\" data-e-type=\"widget\" data-widget_type=\"text-editor.default\">\n\t\t\t\t<div class=\"elementor-widget-container\">\n\t\t\t\t\t\t\t\t\t<p>Elaboramos en la VUCE los registros de importaci\u00f3n para cumplir con los requisitos que tienen determinados productos para ser importados en el pa\u00eds. Licencias de importaci\u00f3n para mercanc\u00edas usadas, solicitudes de exenciones de grav\u00e1menes, productos controlados por Indumil y el Fondo Nacional de Estupefacientes.<\/p>\t\t\t\t\t\t\t\t<\/div>\n\t\t\t\t<\/div>\n\t\t\t\t\t<\/div>\n\t\t<\/div>\n\t\t\t\t<div class=\"elementor-column elementor-col-50 elementor-top-column elementor-element elementor-element-6ed07c6e\" data-id=\"6ed07c6e\" data-element_type=\"column\" data-e-type=\"column\">\n\t\t\t<div class=\"elementor-widget-wrap elementor-element-populated\">\n\t\t\t\t\t\t<div class=\"elementor-element elementor-element-2ea208b4 elementor-widget elementor-widget-image\" data-id=\"2ea208b4\" data-element_type=\"widget\" data-e-type=\"widget\" data-widget_type=\"image.default\">\n\t\t\t\t<div class=\"elementor-widget-container\">\n\t\t\t\t\t\t\t\t\t\t\t\t\t\t\t<img loading=\"lazy\" decoding=\"async\" width=\"1280\" height=\"853\" src=\"https:\/\/astracomex.com.co\/wp-content\/uploads\/2020\/12\/PERMISOS-2.jpg\" class=\"attachment-full size-full wp-image-37\" alt=\"\" srcset=\"https:\/\/astracomex.com.co\/wp-content\/uploads\/2020\/12\/PERMISOS-2.jpg 1280w, https:\/\/astracomex.com.co\/wp-content\/uploads\/2020\/12\/PERMISOS-2-300x200.jpg 300w, https:\/\/astracomex.com.co\/wp-content\/uploads\/2020\/12\/PERMISOS-2-1024x682.jpg 1024w, https:\/\/astracomex.com.co\/wp-content\/uploads\/2020\/12\/PERMISOS-2-768x512.jpg 768w\" sizes=\"(max-width: 1280px) 100vw, 1280px\" \/>\t\t\t\t\t\t\t\t\t\t\t\t\t\t\t<\/div>\n\t\t\t\t<\/div>\n\t\t\t\t\t<\/div>\n\t\t<\/div>\n\t\t\t\t\t<\/div>\n\t\t<\/section>\n\t\t\t\t<section class=\"elementor-section elementor-top-section elementor-element elementor-element-7216eacd elementor-section-content-middle elementor-section-boxed elementor-section-height-default elementor-section-height-default\" data-id=\"7216eacd\" data-element_type=\"section\" data-e-type=\"section\" data-settings=\"{&quot;background_background&quot;:&quot;classic&quot;}\">\n\t\t\t\t\t\t<div class=\"elementor-container elementor-column-gap-no\">\n\t\t\t\t\t<div class=\"elementor-column elementor-col-50 elementor-top-column elementor-element elementor-element-33867095\" data-id=\"33867095\" data-element_type=\"column\" data-e-type=\"column\">\n\t\t\t<div class=\"elementor-widget-wrap elementor-element-populated\">\n\t\t\t\t\t\t<div class=\"elementor-element elementor-element-2793e7d3 elementor-widget elementor-widget-image\" data-id=\"2793e7d3\" data-element_type=\"widget\" data-e-type=\"widget\" data-widget_type=\"image.default\">\n\t\t\t\t<div class=\"elementor-widget-container\">\n\t\t\t\t\t\t\t\t\t\t\t\t\t\t\t<img loading=\"lazy\" decoding=\"async\" width=\"2560\" height=\"1707\" src=\"https:\/\/astracomex.com.co\/wp-content\/uploads\/2021\/04\/worksite-ltd-lQKQziVHw9o-unsplash-scaled.jpg\" class=\"attachment-full size-full wp-image-487\" alt=\"\" srcset=\"https:\/\/astracomex.com.co\/wp-content\/uploads\/2021\/04\/worksite-ltd-lQKQziVHw9o-unsplash-scaled.jpg 2560w, https:\/\/astracomex.com.co\/wp-content\/uploads\/2021\/04\/worksite-ltd-lQKQziVHw9o-unsplash-300x200.jpg 300w, https:\/\/astracomex.com.co\/wp-content\/uploads\/2021\/04\/worksite-ltd-lQKQziVHw9o-unsplash-1024x683.jpg 1024w, https:\/\/astracomex.com.co\/wp-content\/uploads\/2021\/04\/worksite-ltd-lQKQziVHw9o-unsplash-768x512.jpg 768w, https:\/\/astracomex.com.co\/wp-content\/uploads\/2021\/04\/worksite-ltd-lQKQziVHw9o-unsplash-1536x1024.jpg 1536w, https:\/\/astracomex.com.co\/wp-content\/uploads\/2021\/04\/worksite-ltd-lQKQziVHw9o-unsplash-2048x1365.jpg 2048w\" sizes=\"(max-width: 2560px) 100vw, 2560px\" \/>\t\t\t\t\t\t\t\t\t\t\t\t\t\t\t<\/div>\n\t\t\t\t<\/div>\n\t\t\t\t\t<\/div>\n\t\t<\/div>\n\t\t\t\t<div class=\"elementor-column elementor-col-50 elementor-top-column elementor-element elementor-element-437321a9\" data-id=\"437321a9\" data-element_type=\"column\" data-e-type=\"column\">\n\t\t\t<div class=\"elementor-widget-wrap elementor-element-populated\">\n\t\t\t\t\t\t<div class=\"elementor-element elementor-element-3f881cce elementor-widget elementor-widget-heading\" data-id=\"3f881cce\" data-element_type=\"widget\" data-e-type=\"widget\" data-widget_type=\"heading.default\">\n\t\t\t\t<div class=\"elementor-widget-container\">\n\t\t\t\t\t<h4 class=\"elementor-heading-title elementor-size-default\">Licencias anuales<\/h4>\t\t\t\t<\/div>\n\t\t\t\t<\/div>\n\t\t\t\t<div class=\"elementor-element elementor-element-4f559ea6 elementor-widget elementor-widget-text-editor\" data-id=\"4f559ea6\" data-element_type=\"widget\" data-e-type=\"widget\" data-widget_type=\"text-editor.default\">\n\t\t\t\t<div class=\"elementor-widget-container\">\n\t\t\t\t\t\t\t\t\t<p>Elaboramos las licencias anuales para las industrias mineras y petroleras, modificaciones de las licencias anuales para la obtenci\u00f3n de exenciones de grav\u00e1menes arancelarios. Presentaci\u00f3n y aprobaci\u00f3n de los informes semestrales de las licencias anuales en la VUCE.<\/p>\t\t\t\t\t\t\t\t<\/div>\n\t\t\t\t<\/div>\n\t\t\t\t\t<\/div>\n\t\t<\/div>\n\t\t\t\t\t<\/div>\n\t\t<\/section>\n\t\t\t\t<section class=\"elementor-section elementor-top-section elementor-element elementor-element-13814032 elementor-section-content-middle elementor-reverse-mobile elementor-section-boxed elementor-section-height-default elementor-section-height-default\" data-id=\"13814032\" data-element_type=\"section\" data-e-type=\"section\" data-settings=\"{&quot;background_background&quot;:&quot;classic&quot;}\">\n\t\t\t\t\t\t<div class=\"elementor-container elementor-column-gap-no\">\n\t\t\t\t\t<div class=\"elementor-column elementor-col-50 elementor-top-column elementor-element elementor-element-42d482cd\" data-id=\"42d482cd\" data-element_type=\"column\" data-e-type=\"column\">\n\t\t\t<div class=\"elementor-widget-wrap elementor-element-populated\">\n\t\t\t\t\t\t<div class=\"elementor-element elementor-element-580b772f elementor-widget elementor-widget-heading\" data-id=\"580b772f\" data-element_type=\"widget\" data-e-type=\"widget\" data-widget_type=\"heading.default\">\n\t\t\t\t<div class=\"elementor-widget-container\">\n\t\t\t\t\t<h4 class=\"elementor-heading-title elementor-size-default\">Resoluciones anticipadas<\/h4>\t\t\t\t<\/div>\n\t\t\t\t<\/div>\n\t\t\t\t<div class=\"elementor-element elementor-element-1ff2959e elementor-widget elementor-widget-text-editor\" data-id=\"1ff2959e\" data-element_type=\"widget\" data-e-type=\"widget\" data-widget_type=\"text-editor.default\">\n\t\t\t\t<div class=\"elementor-widget-container\">\n\t\t\t\t\t\t\t\t\t<p>Le asesoramos en la obtenci\u00f3n de las resoluciones anticipadas exigidas por la DIAN para unidades funcionales, hacemos un acompa\u00f1amiento ante la divisi\u00f3n de arancel de la DIAN y la obtenci\u00f3n de la resoluci\u00f3n final con la clasificaci\u00f3n.<\/p>\t\t\t\t\t\t\t\t<\/div>\n\t\t\t\t<\/div>\n\t\t\t\t\t<\/div>\n\t\t<\/div>\n\t\t\t\t<div class=\"elementor-column elementor-col-50 elementor-top-column elementor-element elementor-element-76e06009\" data-id=\"76e06009\" data-element_type=\"column\" data-e-type=\"column\">\n\t\t\t<div class=\"elementor-widget-wrap elementor-element-populated\">\n\t\t\t\t\t\t<div class=\"elementor-element elementor-element-4b94c734 elementor-widget elementor-widget-image\" data-id=\"4b94c734\" data-element_type=\"widget\" data-e-type=\"widget\" data-widget_type=\"image.default\">\n\t\t\t\t<div class=\"elementor-widget-container\">\n\t\t\t\t\t\t\t\t\t\t\t\t\t\t\t<img loading=\"lazy\" decoding=\"async\" width=\"1280\" height=\"851\" src=\"https:\/\/astracomex.com.co\/wp-content\/uploads\/2020\/12\/licencias-1.jpg\" class=\"attachment-full size-full wp-image-32\" alt=\"\" srcset=\"https:\/\/astracomex.com.co\/wp-content\/uploads\/2020\/12\/licencias-1.jpg 1280w, https:\/\/astracomex.com.co\/wp-content\/uploads\/2020\/12\/licencias-1-300x199.jpg 300w, https:\/\/astracomex.com.co\/wp-content\/uploads\/2020\/12\/licencias-1-1024x681.jpg 1024w, https:\/\/astracomex.com.co\/wp-content\/uploads\/2020\/12\/licencias-1-768x511.jpg 768w\" sizes=\"(max-width: 1280px) 100vw, 1280px\" \/>\t\t\t\t\t\t\t\t\t\t\t\t\t\t\t<\/div>\n\t\t\t\t<\/div>\n\t\t\t\t\t<\/div>\n\t\t<\/div>\n\t\t\t\t\t<\/div>\n\t\t<\/section>\n\t\t\t\t<\/div>\n\t\t","protected":false},"excerpt":{"rendered":"<p>Nuestros Servicios Asesor\u00edas Brindamos una asesor\u00eda integral enfoc\u00e1ndonos en el sector industrial al cual pertenece su empresa para obtener posibles beneficios, nuestro compromiso es buscar la eficiencia y reducci\u00f3n de costos onerosos causados por el desconocimiento de la norma. Clasificaci\u00f3n Arancelaria Contamos con personal especializado en la clasificaci\u00f3n arancelaria de todo tipo de mercanc\u00edas con [&hellip;]<\/p>\n","protected":false},"author":2,"featured_media":0,"parent":0,"menu_order":0,"comment_status":"closed","ping_status":"closed","template":"","meta":{"_monsterinsights_skip_tracking":false,"_monsterinsights_sitenote_active":false,"_monsterinsights_sitenote_note":"","_monsterinsights_sitenote_category":0,"site-sidebar-layout":"no-sidebar","site-content-layout":"page-builder","ast-site-content-layout":"default","site-content-style":"default","site-sidebar-style":"default","ast-global-header-display":"","ast-banner-title-visibility":"","ast-main-header-display":"","ast-hfb-above-header-display":"","ast-hfb-below-header-display":"","ast-hfb-mobile-header-display":"","site-post-title":"disabled","ast-breadcrumbs-content":"","ast-featured-img":"disabled","footer-sml-layout":"","ast-disable-related-posts":"","theme-transparent-header-meta":"default","adv-header-id-meta":"","stick-header-meta":"","header-above-stick-meta":"","header-main-stick-meta":"","header-below-stick-meta":"","astra-migrate-meta-layouts":"default","ast-page-background-enabled":"default","ast-page-background-meta":{"desktop":{"background-color":"","background-image":"","background-repeat":"repeat","background-position":"center center","background-size":"auto","background-attachment":"scroll","background-type":"","background-media":"","overlay-type":"","overlay-color":"","overlay-opacity":"","overlay-gradient":""},"tablet":{"background-color":"","background-image":"","background-repeat":"repeat","background-position":"center center","background-size":"auto","background-attachment":"scroll","background-type":"","background-media":"","overlay-type":"","overlay-color":"","overlay-opacity":"","overlay-gradient":""},"mobile":{"background-color":"","background-image":"","background-repeat":"repeat","background-position":"center center","background-size":"auto","background-attachment":"scroll","background-type":"","background-media":"","overlay-type":"","overlay-color":"","overlay-opacity":"","overlay-gradient":""}},"ast-content-background-meta":{"desktop":{"background-color":"var(--ast-global-color-5)","background-image":"","background-repeat":"repeat","background-position":"center center","background-size":"auto","background-attachment":"scroll","background-type":"","background-media":"","overlay-type":"","overlay-color":"","overlay-opacity":"","overlay-gradient":""},"tablet":{"background-color":"var(--ast-global-color-5)","background-image":"","background-repeat":"repeat","background-position":"center center","background-size":"auto","background-attachment":"scroll","background-type":"","background-media":"","overlay-type":"","overlay-color":"","overlay-opacity":"","overlay-gradient":""},"mobile":{"background-color":"var(--ast-global-color-5)","background-image":"","background-repeat":"repeat","background-position":"center center","background-size":"auto","background-attachment":"scroll","background-type":"","background-media":"","overlay-type":"","overlay-color":"","overlay-opacity":"","overlay-gradient":""}},"footnotes":""},"class_list":["post-545","page","type-page","status-publish","hentry"],"aioseo_notices":[],"_hostinger_reach_plugin_has_subscription_block":false,"_hostinger_reach_plugin_is_elementor":false,"_links":{"self":[{"href":"https:\/\/astracomex.com.co\/index.php?rest_route=\/wp\/v2\/pages\/545","targetHints":{"allow":["GET"]}}],"collection":[{"href":"https:\/\/astracomex.com.co\/index.php?rest_route=\/wp\/v2\/pages"}],"about":[{"href":"https:\/\/astracomex.com.co\/index.php?rest_route=\/wp\/v2\/types\/page"}],"author":[{"embeddable":true,"href":"https:\/\/astracomex.com.co\/index.php?rest_route=\/wp\/v2\/users\/2"}],"replies":[{"embeddable":true,"href":"https:\/\/astracomex.com.co\/index.php?rest_route=%2Fwp%2Fv2%2Fcomments&post=545"}],"version-history":[{"count":25,"href":"https:\/\/astracomex.com.co\/index.php?rest_route=\/wp\/v2\/pages\/545\/revisions"}],"predecessor-version":[{"id":773,"href":"https:\/\/astracomex.com.co\/index.php?rest_route=\/wp\/v2\/pages\/545\/revisions\/773"}],"wp:attachment":[{"href":"https:\/\/astracomex.com.co\/index.php?rest_route=%2Fwp%2Fv2%2Fmedia&parent=545"}],"curies":[{"name":"wp","href":"https:\/\/api.w.org\/{rel}","templated":true}]}}